{"id":2735,"date":"2025-05-23T13:49:30","date_gmt":"2025-05-23T13:49:30","guid":{"rendered":"https:\/\/micare.vithemes.com\/?page_id=2735"},"modified":"2026-02-08T13:54:10","modified_gmt":"2026-02-08T18:54:10","slug":"agenda-asesoria","status":"publish","type":"page","link":"https:\/\/polcolombia.com\/staging\/9155\/agenda-asesoria\/","title":{"rendered":"Agenda una asesor\u00eda"},"content":{"rendered":"\t\t<div data-elementor-type=\"wp-page\" data-elementor-id=\"2735\" class=\"elementor elementor-2735\" data-elementor-post-type=\"page\">\n\t\t\t\t<div class=\"elementor-element elementor-element-3795325 e-con-full e-flex e-con e-parent\" data-id=\"3795325\" data-element_type=\"container\" data-e-type=\"container\">\n\t\t<div class=\"elementor-element elementor-element-df25664 e-con-full e-flex e-con e-child\" data-id=\"df25664\" data-element_type=\"container\" data-e-type=\"container\" data-settings=\"{&quot;background_background&quot;:&quot;classic&quot;}\">\n\t\t<div class=\"elementor-element elementor-element-f798a7c e-con-full e-flex e-con e-child\" data-id=\"f798a7c\" data-element_type=\"container\" data-e-type=\"container\">\n\t\t\t\t<div class=\"elementor-element elementor-element-f1a9110 elementor-widget elementor-widget-image\" data-id=\"f1a9110\" data-element_type=\"widget\" data-e-type=\"widget\" data-widget_type=\"image.default\">\n\t\t\t\t<div class=\"elementor-widget-container\">\n\t\t\t\t\t\t\t\t\t\t\t\t\t\t\t<img fetchpriority=\"high\" decoding=\"async\" width=\"1920\" height=\"1080\" src=\"https:\/\/polcolombia.com\/staging\/9155\/wp-content\/uploads\/2026\/02\/imagen-pol51.webp\" class=\"attachment-full size-full wp-image-29331\" alt=\"\" srcset=\"https:\/\/polcolombia.com\/staging\/9155\/wp-content\/uploads\/2026\/02\/imagen-pol51.webp 1920w, https:\/\/polcolombia.com\/staging\/9155\/wp-content\/uploads\/2026\/02\/imagen-pol51-300x169.webp 300w, https:\/\/polcolombia.com\/staging\/9155\/wp-content\/uploads\/2026\/02\/imagen-pol51-1024x576.webp 1024w, https:\/\/polcolombia.com\/staging\/9155\/wp-content\/uploads\/2026\/02\/imagen-pol51-768x432.webp 768w, https:\/\/polcolombia.com\/staging\/9155\/wp-content\/uploads\/2026\/02\/imagen-pol51-1536x864.webp 1536w\" sizes=\"(max-width: 1920px) 100vw, 1920px\" \/>\t\t\t\t\t\t\t\t\t\t\t\t\t\t\t<\/div>\n\t\t\t\t<\/div>\n\t\t<div class=\"elementor-element elementor-element-3ed5a07 e-con-full e-flex e-con e-child\" data-id=\"3ed5a07\" data-element_type=\"container\" data-e-type=\"container\" data-settings=\"{&quot;background_background&quot;:&quot;gradient&quot;,&quot;position&quot;:&quot;absolute&quot;}\">\n\t\t\t\t<\/div>\n\t\t\t\t<\/div>\n\t\t<div class=\"elementor-element elementor-element-106bc90 e-flex e-con-boxed e-con e-child\" data-id=\"106bc90\" data-element_type=\"container\" data-e-type=\"container\">\n\t\t\t\t\t<div class=\"e-con-inner\">\n\t\t\t\t<div class=\"elementor-element elementor-element-a9e2ac0 elementor-absolute text-h3 elementor-widget elementor-widget-tf-list-image\" data-id=\"a9e2ac0\" data-element_type=\"widget\" data-e-type=\"widget\" data-settings=\"{&quot;_position&quot;:&quot;absolute&quot;}\" data-widget_type=\"tf-list-image.default\">\n\t\t\t\t<div class=\"elementor-widget-container\">\n\t\t\t\t\t<div id=\"tf-list-image-a9e2ac0\" class=\"tf-list-image  hover-stop\" data-tabid=\"a9e2ac0\"> \n\t\t\t\t\t<div class=\"box-item\">\n\t\t\t\t\t\n\t\t\t\t\t\t\t\t\t\n\t\t\t\t\t\t\t\t\t\t<div class=\"item list-text\">\n\t\t\t\t\t\t\t\t\t\t\t<div class=\"image\">\n\t\t\t\t\t\t<a href=\"#\"  > <span class=\"icon\">  <\/span> <span class=\"text\"> make an appointment <\/span> <\/a>\n\t\t\t\t\t<\/div>\n\t\t\t\t\t\t\t\t\t\t<\/div>\n\t\t\t\t\t\t\t\t\t\n\t\t\t\t\t\t\t\t\t\n\t\t\t\t\t\t\t\t\t\t<div class=\"item list-text\">\n\t\t\t\t\t\t\t\t\t\t\t<div class=\"image\">\n\t\t\t\t\t\t<a href=\"#\"  > <span class=\"icon\">  <\/span> <span class=\"text\"> make an appointment <\/span> <\/a>\n\t\t\t\t\t<\/div>\n\t\t\t\t\t\t\t\t\t\t<\/div>\n\t\t\t\t\t\t\t\t\t   \n\t\t\t\t\t<\/div>\n\t\t\t\t\t<div class=\"box-item\">\n\t\t\t\t\t\n\t\t\t\t\t\t\t\t\t\n\t\t\t\t\t\t\t\t\t\t<div class=\"item list-text\">\n\t\t\t\t\t\t\t\t\t\t\t<div class=\"image\">\n\t\t\t\t\t\t<a href=\"#\"  > <span class=\"icon\">  <\/span> <span class=\"text\"> make an appointment <\/span> <\/a>\n\t\t\t\t\t<\/div>\n\t\t\t\t\t\t\t\t\t\t<\/div>\n\t\t\t\t\t\t\t\t\t\n\t\t\t\t\t\t\t\t\t\n\t\t\t\t\t\t\t\t\t\t<div class=\"item list-text\">\n\t\t\t\t\t\t\t\t\t\t\t<div class=\"image\">\n\t\t\t\t\t\t<a href=\"#\"  > <span class=\"icon\">  <\/span> <span class=\"text\"> make an appointment <\/span> <\/a>\n\t\t\t\t\t<\/div>\n\t\t\t\t\t\t\t\t\t\t<\/div>\n\t\t\t\t\t\t\t\t\t   \n\t\t\t\t\t<\/div>\t\n\t\t\t\t<\/div>\t\t\t\t<\/div>\n\t\t\t\t<\/div>\n\t\t\t\t<div class=\"elementor-element elementor-element-250640a elementor-widget__width-inherit elementor-widget-tablet__width-inherit elementor-widget elementor-widget-tf-title-section\" data-id=\"250640a\" data-element_type=\"widget\" data-e-type=\"widget\" data-widget_type=\"tf-title-section.default\">\n\t\t\t\t<div class=\"elementor-widget-container\">\n\t\t\t\t\t<div id=\"tf-title-section-250640a\" class=\"tf-title-section tf-split-text\" data-tabid=\"250640a\"> \n\n\t\t\t\t\n\n\t\t\t<div class=\"title-section\">\n\n\t\t\t\t<div class=\"sub-title\"> Agenda una asesor\u00eda<\/div>\n\n\t\t\t\t<h2 class=\"heading\" data-splitting>Conversemos sobre<br> c\u00f3mo reducir riesgos y optimizar procesos<\/h2>\n\n\t\t\t\t<p class=\"descrition\">Tecnolog\u00eda, trazabilidad y acompa\u00f1amiento experto para procesos cr\u00edticos en cualquier <br> tipo de organizaciones y con alta experiencia en salud\n<\/p>\n\n\t\t\t<\/div>          \n\n            <\/div>\t\t\t\t<\/div>\n\t\t\t\t<\/div>\n\t\t<div class=\"elementor-element elementor-element-9509e15 e-con-full e-flex e-con e-child\" data-id=\"9509e15\" data-element_type=\"container\" data-e-type=\"container\" data-settings=\"{&quot;background_background&quot;:&quot;classic&quot;}\">\n\t\t<div class=\"elementor-element elementor-element-07b758e e-con-full e-flex e-con e-child\" data-id=\"07b758e\" data-element_type=\"container\" data-e-type=\"container\">\n\t\t\t\t<div class=\"elementor-element elementor-element-1300f23 elementor-widget__width-inherit elementor-widget-tablet__width-inherit elementor-widget elementor-widget-tf-title-section\" data-id=\"1300f23\" data-element_type=\"widget\" data-e-type=\"widget\" data-widget_type=\"tf-title-section.default\">\n\t\t\t\t<div class=\"elementor-widget-container\">\n\t\t\t\t\t<div id=\"tf-title-section-1300f23\" class=\"tf-title-section tf-split-text\" data-tabid=\"1300f23\"> \n\n\t\t\t\t\n\n\t\t\t<div class=\"title-section\">\n\n\t\t\t\t\n\n\t\t\t\t<h2 class=\"heading\" data-splitting>Agenda una asesor\u00eda con nuestro equipo experto<\/h2>\n\n\t\t\t\t<p class=\"descrition\">Acompa\u00f1amos a instituciones de salud en la mejora de procesos cr\u00edticos, seguridad del paciente y trazabilidad.\n<\/p>\n\n\t\t\t<\/div>          \n\n            <\/div>\t\t\t\t<\/div>\n\t\t\t\t<\/div>\n\t\t\t\t<div class=\"elementor-element elementor-element-eb0ab97 appointment elementor-widget elementor-widget-shortcode\" data-id=\"eb0ab97\" data-element_type=\"widget\" data-e-type=\"widget\" data-widget_type=\"shortcode.default\">\n\t\t\t\t<div class=\"elementor-widget-container\">\n\t\t\t\t\t\t\t<div class=\"elementor-shortcode\">\n<div class=\"wpcf7 no-js\" id=\"wpcf7-f993-o1\" lang=\"en-US\" dir=\"ltr\" data-wpcf7-id=\"993\">\n<div class=\"screen-reader-response\"><p role=\"status\" aria-live=\"polite\" aria-atomic=\"true\"><\/p> <ul><\/ul><\/div>\n<form action=\"\/staging\/9155\/wp-json\/wp\/v2\/pages\/2735#wpcf7-f993-o1\" method=\"post\" class=\"wpcf7-form init\" aria-label=\"Contact form\" novalidate=\"novalidate\" data-status=\"init\">\n<fieldset class=\"hidden-fields-container\"><input type=\"hidden\" name=\"_wpcf7\" value=\"993\" \/><input type=\"hidden\" name=\"_wpcf7_version\" value=\"6.1.6\" \/><input type=\"hidden\" name=\"_wpcf7_locale\" value=\"en_US\" \/><input type=\"hidden\" name=\"_wpcf7_unit_tag\" value=\"wpcf7-f993-o1\" \/><input type=\"hidden\" name=\"_wpcf7_container_post\" value=\"0\" \/><input type=\"hidden\" name=\"_wpcf7_posted_data_hash\" value=\"\" \/>\n<\/fieldset>\n<div class=\"form-appointment\">\n   <div class=\"group-inner\">\n        <div class=\"inner-form\">\n            <i class=\"icon-micare-user\"><\/i> \n            <span class=\"wpcf7-form-control-wrap\" data-name=\"text-468\"><input size=\"40\" maxlength=\"400\" class=\"wpcf7-form-control wpcf7-text wpcf7-validates-as-required\" aria-required=\"true\" aria-invalid=\"false\" placeholder=\"Nombre y apellido\" value=\"\" type=\"text\" name=\"text-468\" \/><\/span>\n        <\/div>\n         <div class=\"inner-form\">\n             <i class=\"icon-micare-mail\"><\/i>\n             <span class=\"wpcf7-form-control-wrap\" data-name=\"email-298\"><input size=\"40\" maxlength=\"400\" class=\"wpcf7-form-control wpcf7-email wpcf7-validates-as-required wpcf7-text wpcf7-validates-as-email\" aria-required=\"true\" aria-invalid=\"false\" placeholder=\"Correo institucional\" value=\"\" type=\"email\" name=\"email-298\" \/><\/span>\n        <\/div>\n        <div class=\"inner-form\">\n              <i class=\"icon-micare-phone\"><\/i>        \n              <span class=\"wpcf7-form-control-wrap\" data-name=\"tel-311\"><input size=\"40\" maxlength=\"400\" class=\"wpcf7-form-control wpcf7-tel wpcf7-validates-as-required wpcf7-text wpcf7-validates-as-tel\" aria-required=\"true\" aria-invalid=\"false\" placeholder=\"Tel\u00e9fono de contacto\" value=\"\" type=\"tel\" name=\"tel-311\" \/><\/span>\n        <\/div>\n        <div class=\"inner-form\">\n             <i class=\"icon-micare-calendar-day\"><\/i>\n             <span class=\"wpcf7-form-control-wrap\" data-name=\"date-13\"><input class=\"wpcf7-form-control wpcf7-date wpcf7-validates-as-date\" aria-invalid=\"false\" value=\"\" type=\"date\" name=\"date-13\" \/><\/span>\n        <\/div>\n        <div class=\"inner-form\">\n             <span class=\"wpcf7-form-control-wrap\" data-name=\"select-816\"><select class=\"wpcf7-form-control wpcf7-select wpcf7-validates-as-required\" aria-required=\"true\" aria-invalid=\"false\" name=\"select-816\"><option value=\"\">Instituci\u00f3n \/ \u00e1rea<\/option><option value=\"Department\">Department<\/option><option value=\"Department\">Department<\/option><\/select><\/span>\n        <\/div>\n        <div class=\"inner-form\">\n             <span class=\"wpcf7-form-control-wrap\" data-name=\"select-48\"><select class=\"wpcf7-form-control wpcf7-select\" aria-invalid=\"false\" name=\"select-48\"><option value=\"\">Tipo de asesor\u00eda<\/option><option value=\"Doctors\">Doctors<\/option><option value=\"Doctors\">Doctors<\/option><\/select><\/span>\n        <\/div>\n        <div class=\"inner-form textara\">\n              <span class=\"wpcf7-form-control-wrap\" data-name=\"textarea-544\"><textarea cols=\"40\" rows=\"10\" maxlength=\"2000\" class=\"wpcf7-form-control wpcf7-textarea\" aria-invalid=\"false\" placeholder=\"Cu\u00e9ntanos brevemente tu necesidad\" name=\"textarea-544\"><\/textarea><\/span>\n        <\/div> \n         <div class=\"inner-form form-btn\">\n              <i class=\"icon-micare-arrow-right\"><\/i>\n              <input class=\"wpcf7-form-control wpcf7-submit has-spinner tf-btn\" type=\"submit\" value=\"Solicitar asesor\u00eda\" \/>\n        <\/div>  \n   <\/div>    \n<\/div><div class=\"wpcf7-response-output\" aria-hidden=\"true\"><\/div>\n<\/form>\n<\/div>\n<\/div>\n\t\t\t\t\t\t<\/div>\n\t\t\t\t<\/div>\n\t\t\t\t<\/div>\n\t\t<div class=\"elementor-element elementor-element-19db164 e-con-full e-flex e-con e-child\" data-id=\"19db164\" data-element_type=\"container\" data-e-type=\"container\" data-settings=\"{&quot;background_background&quot;:&quot;classic&quot;}\">\n\t\t\t\t<div class=\"elementor-element elementor-element-a41748b elementor-widget elementor-widget-spacer\" data-id=\"a41748b\" data-element_type=\"widget\" data-e-type=\"widget\" data-widget_type=\"spacer.default\">\n\t\t\t\t<div class=\"elementor-widget-container\">\n\t\t\t\t\t\t\t<div class=\"elementor-spacer\">\n\t\t\t<div class=\"elementor-spacer-inner\"><\/div>\n\t\t<\/div>\n\t\t\t\t\t\t<\/div>\n\t\t\t\t<\/div>\n\t\t\t\t<\/div>\n\t\t\t\t<\/div>\n\t\t\t\t\t<\/div>\n\t\t\t\t<\/div>\n\t\t\t\t<\/div>\n\t\t\t\t<\/div>\n\t\t\t\t<\/div>\n\t\t","protected":false},"excerpt":{"rendered":"<p>make an appointment make an appointment make an appointment make an appointment Agenda una asesor\u00eda Conversemos sobre c\u00f3mo reducir riesgos y optimizar procesos Tecnolog\u00eda, trazabilidad [&hellip;]<\/p>\n","protected":false},"author":1,"featured_media":0,"parent":0,"menu_order":0,"comment_status":"closed","ping_status":"closed","template":"elementor_header_footer","meta":{"_monsterinsights_skip_tracking":false,"_monsterinsights_sitenote_active":false,"_monsterinsights_sitenote_note":"","_monsterinsights_sitenote_category":0,"_joinchat":[],"footnotes":""},"class_list":["post-2735","page","type-page","status-publish","hentry"],"yoast_head":"<!-- This site is optimized with the Yoast SEO plugin v27.6 - https:\/\/yoast.com\/product\/yoast-seo-wordpress\/ -->\n<title>Agenda una asesor\u00eda - POL Colombia<\/title>\n<meta name=\"robots\" content=\"index, follow, max-snippet:-1, max-image-preview:large, max-video-preview:-1\" \/>\n<link rel=\"canonical\" href=\"https:\/\/polcolombia.com\/staging\/9155\/agenda-asesoria\/\" \/>\n<meta property=\"og:locale\" content=\"es_ES\" \/>\n<meta property=\"og:type\" content=\"article\" \/>\n<meta property=\"og:title\" content=\"Agenda una asesor\u00eda - POL Colombia\" \/>\n<meta property=\"og:description\" content=\"make an appointment make an appointment make an appointment make an appointment Agenda una asesor\u00eda Conversemos sobre c\u00f3mo reducir riesgos y optimizar procesos Tecnolog\u00eda, trazabilidad [&hellip;]\" \/>\n<meta property=\"og:url\" content=\"https:\/\/polcolombia.com\/staging\/9155\/agenda-asesoria\/\" \/>\n<meta property=\"og:site_name\" content=\"POL Colombia\" \/>\n<meta property=\"article:modified_time\" content=\"2026-02-08T18:54:10+00:00\" \/>\n<meta property=\"og:image\" content=\"https:\/\/polcolombia.com\/staging\/9155\/wp-content\/uploads\/2026\/02\/imagen-pol51.webp\" \/>\n<meta name=\"twitter:card\" content=\"summary_large_image\" \/>\n<meta name=\"twitter:label1\" content=\"Tiempo de lectura\" \/>\n\t<meta name=\"twitter:data1\" content=\"1 minuto\" \/>\n<script type=\"application\/ld+json\" class=\"yoast-schema-graph\">{\"@context\":\"https:\\\/\\\/schema.org\",\"@graph\":[{\"@type\":\"WebPage\",\"@id\":\"https:\\\/\\\/polcolombia.com\\\/staging\\\/9155\\\/agenda-asesoria\\\/\",\"url\":\"https:\\\/\\\/polcolombia.com\\\/staging\\\/9155\\\/agenda-asesoria\\\/\",\"name\":\"Agenda una asesor\u00eda - POL Colombia\",\"isPartOf\":{\"@id\":\"https:\\\/\\\/polcolombia.com\\\/#website\"},\"primaryImageOfPage\":{\"@id\":\"https:\\\/\\\/polcolombia.com\\\/staging\\\/9155\\\/agenda-asesoria\\\/#primaryimage\"},\"image\":{\"@id\":\"https:\\\/\\\/polcolombia.com\\\/staging\\\/9155\\\/agenda-asesoria\\\/#primaryimage\"},\"thumbnailUrl\":\"https:\\\/\\\/polcolombia.com\\\/staging\\\/9155\\\/wp-content\\\/uploads\\\/2026\\\/02\\\/imagen-pol51.webp\",\"datePublished\":\"2025-05-23T13:49:30+00:00\",\"dateModified\":\"2026-02-08T18:54:10+00:00\",\"breadcrumb\":{\"@id\":\"https:\\\/\\\/polcolombia.com\\\/staging\\\/9155\\\/agenda-asesoria\\\/#breadcrumb\"},\"inLanguage\":\"es-CO\",\"potentialAction\":[{\"@type\":\"ReadAction\",\"target\":[\"https:\\\/\\\/polcolombia.com\\\/staging\\\/9155\\\/agenda-asesoria\\\/\"]}]},{\"@type\":\"ImageObject\",\"inLanguage\":\"es-CO\",\"@id\":\"https:\\\/\\\/polcolombia.com\\\/staging\\\/9155\\\/agenda-asesoria\\\/#primaryimage\",\"url\":\"https:\\\/\\\/polcolombia.com\\\/staging\\\/9155\\\/wp-content\\\/uploads\\\/2026\\\/02\\\/imagen-pol51.webp\",\"contentUrl\":\"https:\\\/\\\/polcolombia.com\\\/staging\\\/9155\\\/wp-content\\\/uploads\\\/2026\\\/02\\\/imagen-pol51.webp\",\"width\":1920,\"height\":1080},{\"@type\":\"BreadcrumbList\",\"@id\":\"https:\\\/\\\/polcolombia.com\\\/staging\\\/9155\\\/agenda-asesoria\\\/#breadcrumb\",\"itemListElement\":[{\"@type\":\"ListItem\",\"position\":1,\"name\":\"Inicio\",\"item\":\"https:\\\/\\\/polcolombia.com\\\/staging\\\/9155\\\/\"},{\"@type\":\"ListItem\",\"position\":2,\"name\":\"Agenda una asesor\u00eda\"}]},{\"@type\":\"WebSite\",\"@id\":\"https:\\\/\\\/polcolombia.com\\\/#website\",\"url\":\"https:\\\/\\\/polcolombia.com\\\/\",\"name\":\"POL Colombia\",\"description\":\"POL Colombia\",\"publisher\":{\"@id\":\"https:\\\/\\\/polcolombia.com\\\/#organization\"},\"potentialAction\":[{\"@type\":\"SearchAction\",\"target\":{\"@type\":\"EntryPoint\",\"urlTemplate\":\"https:\\\/\\\/polcolombia.com\\\/?s={search_term_string}\"},\"query-input\":{\"@type\":\"PropertyValueSpecification\",\"valueRequired\":true,\"valueName\":\"search_term_string\"}}],\"inLanguage\":\"es-CO\"},{\"@type\":\"Organization\",\"@id\":\"https:\\\/\\\/polcolombia.com\\\/#organization\",\"name\":\"POL Colombia\",\"url\":\"https:\\\/\\\/polcolombia.com\\\/\",\"logo\":{\"@type\":\"ImageObject\",\"inLanguage\":\"es-CO\",\"@id\":\"https:\\\/\\\/polcolombia.com\\\/#\\\/schema\\\/logo\\\/image\\\/\",\"url\":\"https:\\\/\\\/polcolombia.com\\\/staging\\\/9155\\\/wp-content\\\/uploads\\\/2025\\\/01\\\/Proyecto-nuevo.webp\",\"contentUrl\":\"https:\\\/\\\/polcolombia.com\\\/staging\\\/9155\\\/wp-content\\\/uploads\\\/2025\\\/01\\\/Proyecto-nuevo.webp\",\"width\":1280,\"height\":950,\"caption\":\"POL Colombia\"},\"image\":{\"@id\":\"https:\\\/\\\/polcolombia.com\\\/#\\\/schema\\\/logo\\\/image\\\/\"}}]}<\/script>\n<!-- \/ Yoast SEO plugin. -->","yoast_head_json":{"title":"Agenda una asesor\u00eda - POL Colombia","robots":{"index":"index","follow":"follow","max-snippet":"max-snippet:-1","max-image-preview":"max-image-preview:large","max-video-preview":"max-video-preview:-1"},"canonical":"https:\/\/polcolombia.com\/staging\/9155\/agenda-asesoria\/","og_locale":"es_ES","og_type":"article","og_title":"Agenda una asesor\u00eda - POL Colombia","og_description":"make an appointment make an appointment make an appointment make an appointment Agenda una asesor\u00eda Conversemos sobre c\u00f3mo reducir riesgos y optimizar procesos Tecnolog\u00eda, trazabilidad [&hellip;]","og_url":"https:\/\/polcolombia.com\/staging\/9155\/agenda-asesoria\/","og_site_name":"POL Colombia","article_modified_time":"2026-02-08T18:54:10+00:00","og_image":[{"url":"https:\/\/polcolombia.com\/staging\/9155\/wp-content\/uploads\/2026\/02\/imagen-pol51.webp","type":"","width":"","height":""}],"twitter_card":"summary_large_image","twitter_misc":{"Tiempo de lectura":"1 minuto"},"schema":{"@context":"https:\/\/schema.org","@graph":[{"@type":"WebPage","@id":"https:\/\/polcolombia.com\/staging\/9155\/agenda-asesoria\/","url":"https:\/\/polcolombia.com\/staging\/9155\/agenda-asesoria\/","name":"Agenda una asesor\u00eda - POL Colombia","isPartOf":{"@id":"https:\/\/polcolombia.com\/#website"},"primaryImageOfPage":{"@id":"https:\/\/polcolombia.com\/staging\/9155\/agenda-asesoria\/#primaryimage"},"image":{"@id":"https:\/\/polcolombia.com\/staging\/9155\/agenda-asesoria\/#primaryimage"},"thumbnailUrl":"https:\/\/polcolombia.com\/staging\/9155\/wp-content\/uploads\/2026\/02\/imagen-pol51.webp","datePublished":"2025-05-23T13:49:30+00:00","dateModified":"2026-02-08T18:54:10+00:00","breadcrumb":{"@id":"https:\/\/polcolombia.com\/staging\/9155\/agenda-asesoria\/#breadcrumb"},"inLanguage":"es-CO","potentialAction":[{"@type":"ReadAction","target":["https:\/\/polcolombia.com\/staging\/9155\/agenda-asesoria\/"]}]},{"@type":"ImageObject","inLanguage":"es-CO","@id":"https:\/\/polcolombia.com\/staging\/9155\/agenda-asesoria\/#primaryimage","url":"https:\/\/polcolombia.com\/staging\/9155\/wp-content\/uploads\/2026\/02\/imagen-pol51.webp","contentUrl":"https:\/\/polcolombia.com\/staging\/9155\/wp-content\/uploads\/2026\/02\/imagen-pol51.webp","width":1920,"height":1080},{"@type":"BreadcrumbList","@id":"https:\/\/polcolombia.com\/staging\/9155\/agenda-asesoria\/#breadcrumb","itemListElement":[{"@type":"ListItem","position":1,"name":"Inicio","item":"https:\/\/polcolombia.com\/staging\/9155\/"},{"@type":"ListItem","position":2,"name":"Agenda una asesor\u00eda"}]},{"@type":"WebSite","@id":"https:\/\/polcolombia.com\/#website","url":"https:\/\/polcolombia.com\/","name":"POL Colombia","description":"POL Colombia","publisher":{"@id":"https:\/\/polcolombia.com\/#organization"},"potentialAction":[{"@type":"SearchAction","target":{"@type":"EntryPoint","urlTemplate":"https:\/\/polcolombia.com\/?s={search_term_string}"},"query-input":{"@type":"PropertyValueSpecification","valueRequired":true,"valueName":"search_term_string"}}],"inLanguage":"es-CO"},{"@type":"Organization","@id":"https:\/\/polcolombia.com\/#organization","name":"POL Colombia","url":"https:\/\/polcolombia.com\/","logo":{"@type":"ImageObject","inLanguage":"es-CO","@id":"https:\/\/polcolombia.com\/#\/schema\/logo\/image\/","url":"https:\/\/polcolombia.com\/staging\/9155\/wp-content\/uploads\/2025\/01\/Proyecto-nuevo.webp","contentUrl":"https:\/\/polcolombia.com\/staging\/9155\/wp-content\/uploads\/2025\/01\/Proyecto-nuevo.webp","width":1280,"height":950,"caption":"POL Colombia"},"image":{"@id":"https:\/\/polcolombia.com\/#\/schema\/logo\/image\/"}}]}},"_links":{"self":[{"href":"https:\/\/polcolombia.com\/staging\/9155\/wp-json\/wp\/v2\/pages\/2735","targetHints":{"allow":["GET"]}}],"collection":[{"href":"https:\/\/polcolombia.com\/staging\/9155\/wp-json\/wp\/v2\/pages"}],"about":[{"href":"https:\/\/polcolombia.com\/staging\/9155\/wp-json\/wp\/v2\/types\/page"}],"author":[{"embeddable":true,"href":"https:\/\/polcolombia.com\/staging\/9155\/wp-json\/wp\/v2\/users\/1"}],"replies":[{"embeddable":true,"href":"https:\/\/polcolombia.com\/staging\/9155\/wp-json\/wp\/v2\/comments?post=2735"}],"version-history":[{"count":22,"href":"https:\/\/polcolombia.com\/staging\/9155\/wp-json\/wp\/v2\/pages\/2735\/revisions"}],"predecessor-version":[{"id":29567,"href":"https:\/\/polcolombia.com\/staging\/9155\/wp-json\/wp\/v2\/pages\/2735\/revisions\/29567"}],"wp:attachment":[{"href":"https:\/\/polcolombia.com\/staging\/9155\/wp-json\/wp\/v2\/media?parent=2735"}],"curies":[{"name":"wp","href":"https:\/\/api.w.org\/{rel}","templated":true}]}}